{"id":559,"date":"2014-12-17T10:33:36","date_gmt":"2014-12-17T10:33:36","guid":{"rendered":"http:\/\/anpsthemes.com\/constructo\/?page_id=559"},"modified":"2014-12-17T10:33:36","modified_gmt":"2014-12-17T10:33:36","slug":"blog-masonry","status":"publish","type":"page","link":"https:\/\/www.homytinyhouse.com\/en\/blog-masonry\/","title":{"rendered":"Blog masonry"},"content":{"rendered":"<section class=\"wpb-content-wrapper\"><div class=\"vc_row wpb_row vc_row-fluid\"><div class=\"wpb_column vc_column_container vc_col-sm-12\"><div class=\"vc_column-inner\"><div class=\"wpb_wrapper\"><div class='blog-masonry'><article class='post col-md-4'><header><a class='post-hover' href='https:\/\/www.homytinyhouse.com\/en\/tiny-house-alirken-dikkat-edilmesi-gereken-hususlar\/'><img loading=\"lazy\" decoding=\"async\" width=\"360\" height=\"175\" src=\"https:\/\/www.homytinyhouse.com\/wp-content\/uploads\/2023\/09\/DIKKAT-EDILMESI-GEREKEN-HUSUSLAR-360x175.jpg\" class=\"attachment-blog-masonry-3-columns size-blog-masonry-3-columns wp-post-image\" alt=\"\" \/><\/a><a href='https:\/\/www.homytinyhouse.com\/en\/tiny-house-alirken-dikkat-edilmesi-gereken-hususlar\/' title='THINGS TO CONSIDER WHEN BUYING A TINY HOUSE'><h1>THINGS TO CONSIDER WHEN BUYING A TINY HOUSE<\/h1><\/a><span class='post-meta-date'>5 September 2023<\/span> <span class='post-meta-divider'>\/<\/span> <span class='post-meta-comments'>0 comments<\/span><\/header><div class='post-content clearfix'>\n<p><strong>What should you consider when buying a tiny house?<\/strong><br>\ufffd\ufffd\ufffdTiny houses are subject to the Highway Regulations due to being on wheels. Therefore, please remember that they should not exceed the standard dimensions of 2.55 m wide and 4.00 m high.<br>\ufffd\ufffd\ufffdPay attention to the chassis of the tiny house being braked. This system, which directly affects the price, will ensure your safety while moving your tiny house to wherever you want.<br>\ufffd\ufffd\ufffdHeat and moisture insulation are important parameters for your comfort during use. Ask what materials and how many layers the heat and moisture insulation is made of.<br>\ufffd\ufffd\ufffdMake sure the electrical installation is safe.<br>\ufffd\ufffd\ufffdIf you want a long-lasting tiny house, make sure that the furnishings such as parquet, wall panels and cabinets are made of quality materials.<br>\ufffd\ufffd\ufffdLearn about the quality and usage conditions of the wood material, if used on the exterior.<br>\ufffd\ufffd\ufffdMake sure that the images shared are the company's own designs.<\/p>\n<\/div><\/article><article class='post col-md-4'><header><a class='post-hover' href='https:\/\/www.homytinyhouse.com\/en\/neden-homy-tiny-house\/'><img loading=\"lazy\" decoding=\"async\" width=\"360\" height=\"175\" src=\"https:\/\/www.homytinyhouse.com\/wp-content\/uploads\/2023\/09\/NEDEN-HOMY-TINYHOUSE--360x175.jpg\" class=\"attachment-blog-masonry-3-columns size-blog-masonry-3-columns wp-post-image\" alt=\"\" \/><\/a><a href='https:\/\/www.homytinyhouse.com\/en\/neden-homy-tiny-house\/' title='WHY HOMY TINY HOUSE?'><h1>WHY HOMY TINY HOUSE?<\/h1><\/a><span class='post-meta-date'>5 September 2023<\/span> <span class='post-meta-divider'>\/<\/span> <span class='post-meta-comments'>0 comments<\/span><\/header><div class='post-content clearfix'>\n<p>Because we are experienced.<\/p>\n\n\n\n<p>We are an experienced team with our engineers, architects and production personnel.<\/p>\n\n\n\n<p>Because we care about quality.<\/p>\n\n\n\n<p>We use A quality materials in all construction stages of tiny houses from A to Z.<\/p>\n\n\n\n<p>Because we love comfortable life.<\/p>\n\n\n\n<p>We shape our designs with the priority of obtaining maximum efficiency in narrow spaces and ensuring the comfort of our customers.<\/p>\n\n\n\n<p>Because we work hard.<\/p>\n\n\n\n<p>We are trying to achieve \u201cbetter\u201d with Brainstorming.<\/p>\n\n\n\n<p>Because we offer after-sales support.<\/p>\n\n\n\n<p>We are in touch and offer you a solution in case you encounter a negative situation during the use of Tiny houses.<\/p>\n<\/div><\/article><article class='post col-md-4'><header><a class='post-hover' href='https:\/\/www.homytinyhouse.com\/en\/merhaba-dunya\/'><\/a><a href='https:\/\/www.homytinyhouse.com\/en\/merhaba-dunya\/' title='NEDEN B\u0130Z?'><h1>NEDEN B\u0130Z?<\/h1><\/a><span class='post-meta-date'>22 August 2023<\/span> <span class='post-meta-divider'>\/<\/span> <span class='post-meta-comments'>0 comments<\/span><\/header><div class='post-content clearfix'>\n<p><em>Homy Tinyhouse olarak, m\u00fchendislerimiz, mimarlar\u0131m\u0131z ve \u00fcretim personelimiz ile birlikte deneyimli ve teknik bir ekibiz ve sekt\u00f6re olan tutkumuzla her projeyi benzersiz k\u0131lmak i\u00e7in buraday\u0131z. Tinyhouse tasar\u0131m\u0131 ve yap\u0131m\u0131nda her ayr\u0131nt\u0131ya \u00f6zen g\u00f6steriyor ve s\u0131k\u0131 \u00e7al\u0131\u015f\u0131yoruz.<\/em><em><\/em><\/p>\n\n\n\n<p><em>Her m\u00fc\u015fteri bizim i\u00e7in \u00f6zeldir. Size en uygun \u00e7\u00f6z\u00fcm\u00fc sunabilmek i\u00e7in isteklerinizi ve ihtiya\u00e7lar\u0131n\u0131z\u0131 anlamak en b\u00fcy\u00fck \u00f6nceli\u011fimizdir. Tasar\u0131m s\u00fcrecinden \u00fcretime kadar sizi ad\u0131m ad\u0131m y\u00f6nlendiriyoruz.<\/em><em><\/em><\/p>\n\n\n\n<p><em>K\u00fc\u00e7\u00fck evlerimiz, kaliteli malzemeler ve uzman i\u015f\u00e7ilikle \u00fcretilir. Dayan\u0131kl\u0131l\u0131k ve uzun \u00f6m\u00fcrl\u00fc olmas\u0131n\u0131 sa\u011flamak amac\u0131yla A\u2019dan Z\u2019ye her a\u015famada titizlikle \u00e7al\u0131\u015f\u0131yoruz. \u00c7\u00fcnk\u00fc kaliteyi \u00f6nemsiyoruz. <\/em><em><\/em><\/p>\n\n\n\n<p><em>Tasar\u0131mlar\u0131m\u0131z\u0131 dar alanda maksimum verim alabilmek ve m\u00fc\u015fterilerimizi konforunu sa\u011flamak i\u00e7in\u015fekillendiriyoruz.<\/em><\/p>\n\n\n\n<p><em>\u00c7evreye duyarl\u0131l\u0131k tasar\u0131m felsefemizin merkezinde yer al\u0131yor. Her bir projede, enerji verimlili\u011fi ve \u00e7evre dostu malzemeler kullanarak hem sizin hem de do\u011fan\u0131n daha iyi bir gelece\u011fe sahip olmas\u0131na katk\u0131 sa\u011fl\u0131yoruz.<\/em><em><\/em><\/p>\n<\/div><\/article><article class='post col-md-4'><header><a class='post-hover' href='https:\/\/www.homytinyhouse.com\/en\/from-idea-to-realisation\/'><img loading=\"lazy\" decoding=\"async\" width=\"360\" height=\"175\" src=\"https:\/\/www.homytinyhouse.com\/wp-content\/uploads\/2014\/12\/TINY-HOUSE-NEDIR-360x175.jpg\" class=\"attachment-blog-masonry-3-columns size-blog-masonry-3-columns wp-post-image\" alt=\"\" \/><\/a><a href='https:\/\/www.homytinyhouse.com\/en\/from-idea-to-realisation\/' title='WHAT IS TINY HOUSE?'><h1>WHAT IS TINY HOUSE?<\/h1><\/a><span class='post-meta-date'>12 December 2014<\/span> <span class='post-meta-divider'>\/<\/span> <span class='post-meta-comments'>0 comments<\/span><\/header><div class='post-content clearfix'><ul>\n<li>Tiny Houses are mobile portable houses that are small in size but offer a large living space with the right design.<\/li>\n<li>Within the framework of legal standards, the maximum dimensions should be 2.55 m * 10 m * 4.00 m.<\/li>\n<li>Tiny houses are mobile houses that can be pulled with a trailer and built on a light steel construction system after the necessary static calculations are made.<\/li>\n<li>They are stylish, functional and low-budget structures designed for those who enjoy a minimalist life in touch with nature.<\/li>\n<\/ul>\n<\/div><\/article><article class='post col-md-4'><header><a class='post-hover' href='https:\/\/www.homytinyhouse.com\/en\/home-renovations-with-no-fuss\/'><img loading=\"lazy\" decoding=\"async\" width=\"360\" height=\"175\" src=\"https:\/\/www.homytinyhouse.com\/wp-content\/uploads\/2014\/12\/tiny-house-avantajlari-360x175.jpg\" class=\"attachment-blog-masonry-3-columns size-blog-masonry-3-columns wp-post-image\" alt=\"\" \/><\/a><a href='https:\/\/www.homytinyhouse.com\/en\/home-renovations-with-no-fuss\/' title='WHAT ARE THE ADVANTAGES OF TINY HOUSE?'><h1>WHAT ARE THE ADVANTAGES OF TINY HOUSE?<\/h1><\/a><span class='post-meta-date'>12 December 2014<\/span> <span class='post-meta-divider'>\/<\/span> <span class='post-meta-comments'>0 comments<\/span><\/header><div class='post-content clearfix'><p><strong>Small Areas:<\/strong><\/p>\n<p>Tiny houses, which have a usage area of \u200b\u200b25-44 m2, require small areas for installation. Since this building has an O2 Certificate - license and plate, it can be positioned on the desired plot of land without being subject to any zoning legislation.<\/p>\n<p><strong>Portability:<\/strong><\/p>\n<p>Tiny houses are built on a wheeled chassis. This allows the houses to be moved to the desired location. It provides flexibility to move and travel to different areas.<\/p>\n<p><strong>Sustainability:<\/strong><\/p>\n<p>Tiny houses consume less energy and use less unnecessary items compared to traditional houses, thus contributing to sustainability and environmentally friendly goals.<\/p>\n<p><strong>Economic and Deadline Advantages:<\/strong><\/p>\n<p>Compared to reinforced concrete structures, they can be built in much shorter periods of time with much lower budgets.<\/p>\n<\/div><\/article><\/div><\/div><\/div><\/div><\/div>\n<\/section>","protected":false},"excerpt":{"rendered":"K\u00fc\u00e7\u00fck Alanlar: 25-44 m2 aras\u0131nda kullan\u0131m alan\u0131na sahip olan tiny evler, kurulum i\u00e7in k\u00fc\u00e7\u00fck alanlara ihtiya\u00e7 duyarlar. Bu yap\u0131lan O2 Belgeli- ruhsatl\u0131 ve plakal\u0131 oldu\u011fundan dolay\u0131 hi\u00e7bir imar mevzuat\u0131na tabi kalmaks\u0131z\u0131n, istenilen arsaya konumland\u0131r\u0131labilir. Ta\u015f\u0131nabilirlik: Tiny evler tekerlekli \u015fase \u00fczerine...","protected":false},"author":1,"featured_media":0,"parent":0,"menu_order":0,"comment_status":"open","ping_status":"open","template":"","meta":{"footnotes":""},"class_list":["post-559","page","type-page","status-publish","hentry"],"_links":{"self":[{"href":"https:\/\/www.homytinyhouse.com\/en\/wp-json\/wp\/v2\/pages\/559","targetHints":{"allow":["GET"]}}],"collection":[{"href":"https:\/\/www.homytinyhouse.com\/en\/wp-json\/wp\/v2\/pages"}],"about":[{"href":"https:\/\/www.homytinyhouse.com\/en\/wp-json\/wp\/v2\/types\/page"}],"author":[{"embeddable":true,"href":"https:\/\/www.homytinyhouse.com\/en\/wp-json\/wp\/v2\/users\/1"}],"replies":[{"embeddable":true,"href":"https:\/\/www.homytinyhouse.com\/en\/wp-json\/wp\/v2\/comments?post=559"}],"version-history":[{"count":0,"href":"https:\/\/www.homytinyhouse.com\/en\/wp-json\/wp\/v2\/pages\/559\/revisions"}],"wp:attachment":[{"href":"https:\/\/www.homytinyhouse.com\/en\/wp-json\/wp\/v2\/media?parent=559"}],"curies":[{"name":"wp","href":"https:\/\/api.w.org\/{rel}","templated":true}]}}