{"id":1761,"date":"2025-02-17T23:33:40","date_gmt":"2025-02-17T20:33:40","guid":{"rendered":"https:\/\/www.homytinyhouse.com\/?page_id=1761"},"modified":"2025-02-17T23:52:53","modified_gmt":"2025-02-17T20:52:53","slug":"basinda-biz","status":"publish","type":"page","link":"https:\/\/www.homytinyhouse.com\/en\/basinda-biz\/","title":{"rendered":"WE IN THE PRESS"},"content":{"rendered":"<section class=\"wpb-content-wrapper\"><div class=\"vc_row wpb_row vc_row-fluid\"><div class=\"wpb_column vc_column_container vc_col-sm-6\"><div class=\"vc_column-inner\"><div class=\"wpb_wrapper\">\n\t<div  class=\"wpb_single_image wpb_content_element vc_align_center\">\n\t\t\n\t\t<figure class=\"wpb_wrapper vc_figure\">\n\t\t\t<a href=\"https:\/\/www.timekocaeli.com\/kategoriler\/roportaj\/cagla-atmaca-homy-son-yillarda-herkesin-hayali-bir-tiny-house\" target=\"_self\" class=\"vc_single_image-wrapper   vc_box_border_grey\"><img loading=\"lazy\" decoding=\"async\" width=\"400\" height=\"500\" src=\"https:\/\/www.homytinyhouse.com\/wp-content\/uploads\/2025\/02\/basinda.biz_.time_.jpg\" class=\"vc_single_image-img attachment-full\" alt=\"\" title=\"basinda.biz.time\" srcset=\"https:\/\/www.homytinyhouse.com\/wp-content\/uploads\/2025\/02\/basinda.biz_.time_.jpg 400w, https:\/\/www.homytinyhouse.com\/wp-content\/uploads\/2025\/02\/basinda.biz_.time_-240x300.jpg 240w, https:\/\/www.homytinyhouse.com\/wp-content\/uploads\/2025\/02\/basinda.biz_.time_-288x360.jpg 288w, https:\/\/www.homytinyhouse.com\/wp-content\/uploads\/2025\/02\/basinda.biz_.time_-360x450.jpg 360w\" sizes=\"auto, (max-width: 400px) 100vw, 400px\" \/><\/a>\n\t\t<\/figure>\n\t<\/div>\n<div class=\"vc_empty_space\"   style=\"height: 25px\"><span class=\"vc_empty_space_inner\"><\/span><\/div><div class=\"vc_btn3-container vc_btn3-center\" ><a class=\"vc_general vc_btn3 vc_btn3-size-lg vc_btn3-shape-rounded vc_btn3-style-modern vc_btn3-color-peacoc\" href=\"https:\/\/www.timekocaeli.com\/kategoriler\/roportaj\/cagla-atmaca-homy-son-yillarda-herkesin-hayali-bir-tiny-house\" title=\"\">Click here<\/a><\/div><\/div><\/div><\/div><div class=\"wpb_column vc_column_container vc_col-sm-6\"><div class=\"vc_column-inner\"><div class=\"wpb_wrapper\">\n\t<div class=\"wpb_text_column wpb_content_element\" >\n\t\t<div class=\"wpb_wrapper\">\n\t\t\t<p><b>\u201cIn recent years, everyone has been dreaming of a tiny house\u2026\u201d<\/b><\/p>\n<p>When we look at it in terms of its low cost of ownership, its cute appearance, the best way for me to meet nature and the positive effects of minimal life on mental health, her name is written on every item that can be listed.<\/p>\n<p>#tinyhouse<\/p>\n<p>This month, our cover guest is \u00c7a\u011fla Atmaca, a successful engineer who sends her own tinyhouses under the HOMY brand to domestic and international markets and offers her customers exactly what they dream of with her personalized tinyhouse production.<\/p>\n<p>Ms. \u00c7a\u011fla and her husband Mr. Onur offer privileges that make a difference in the sector with their own brand Homy\u2026<\/p>\n<p><b>Hello Ms. \u00c7a\u011fla. You added color to our March cover and our magazine. First of all, I would like to start the interview by saying welcome. Could you tell us about yourself for our readers?<\/b><\/p>\n<p>Greetings, welcome to Homy. I am \u00c7a\u011fla Atmaca. I am 33 years old. I am a certified engineer. I am married and have a daughter. For 10 years, I have been carrying out engineering and architectural project activities under the roof of Gif Engineering with my husband Onur Atmaca.<\/p>\n\n\t\t<\/div>\n\t<\/div>\n<div class=\"vc_empty_space\"   style=\"height: 25px\"><span class=\"vc_empty_space_inner\"><\/span><\/div><div class=\"vc_btn3-container vc_btn3-center\" ><a class=\"vc_general vc_btn3 vc_btn3-size-lg vc_btn3-shape-rounded vc_btn3-style-modern vc_btn3-color-peacoc\" href=\"https:\/\/www.timekocaeli.com\/kategoriler\/roportaj\/cagla-atmaca-homy-son-yillarda-herkesin-hayali-bir-tiny-house\" title=\"\">Read more<\/a><\/div><\/div><\/div><\/div><\/div><div class=\"vc_row wpb_row vc_row-fluid\"><div class=\"wpb_column vc_column_container vc_col-sm-12\"><div class=\"vc_column-inner\"><div class=\"wpb_wrapper\"><div class=\"vc_empty_space\"   style=\"height: 32px\"><span class=\"vc_empty_space_inner\"><\/span><\/div><div class=\"vc_row wpb_row vc_inner vc_row-fluid\"><div class=\"wpb_column vc_column_container vc_col-sm-4\"><div class=\"vc_column-inner\"><div class=\"wpb_wrapper\">\n\t<div  class=\"wpb_single_image wpb_content_element vc_align_center\">\n\t\t<h2 class=\"wpb_heading wpb_singleimage_heading\">\u00d6zg\u00fcr Kocaeli<\/h2>\n\t\t<figure class=\"wpb_wrapper vc_figure\">\n\t\t\t<a href=\"https:\/\/www.ozgurkocaeli.com.tr\/haber\/21219136\/kocaelide-fabrika-kuran-kadin-girisimci-tasinabilir-ev-ihracatina-basladi\" target=\"_self\" class=\"vc_single_image-wrapper   vc_box_border_grey\"><img loading=\"lazy\" decoding=\"async\" width=\"400\" height=\"500\" src=\"https:\/\/www.homytinyhouse.com\/wp-content\/uploads\/2025\/02\/ozgur-kocaeli.jpg\" class=\"vc_single_image-img attachment-full\" alt=\"\" title=\"ozgur kocaeli\" srcset=\"https:\/\/www.homytinyhouse.com\/wp-content\/uploads\/2025\/02\/ozgur-kocaeli.jpg 400w, https:\/\/www.homytinyhouse.com\/wp-content\/uploads\/2025\/02\/ozgur-kocaeli-240x300.jpg 240w, https:\/\/www.homytinyhouse.com\/wp-content\/uploads\/2025\/02\/ozgur-kocaeli-288x360.jpg 288w, https:\/\/www.homytinyhouse.com\/wp-content\/uploads\/2025\/02\/ozgur-kocaeli-360x450.jpg 360w\" sizes=\"auto, (max-width: 400px) 100vw, 400px\" \/><\/a>\n\t\t<\/figure>\n\t<\/div>\n<div class=\"vc_empty_space\"   style=\"height: 20px\"><span class=\"vc_empty_space_inner\"><\/span><\/div><div class=\"vc_btn3-container vc_btn3-center\" ><a class=\"vc_general vc_btn3 vc_btn3-size-md vc_btn3-shape-rounded vc_btn3-style-modern vc_btn3-color-peacoc\" href=\"https:\/\/www.ozgurkocaeli.com.tr\/haber\/21219136\/kocaelide-fabrika-kuran-kadin-girisimci-tasinabilir-ev-ihracatina-basladi\" title=\"\">Click here<\/a><\/div><\/div><\/div><\/div><div class=\"wpb_column vc_column_container vc_col-sm-4\"><div class=\"vc_column-inner\"><div class=\"wpb_wrapper\">\n\t<div  class=\"wpb_single_image wpb_content_element vc_align_center\">\n\t\t<h2 class=\"wpb_heading wpb_singleimage_heading\">Anadolu Ajans\u0131<\/h2>\n\t\t<figure class=\"wpb_wrapper vc_figure\">\n\t\t\t<a href=\"https:\/\/www.aa.com.tr\/tr\/yasam\/kocaelide-fabrika-kuran-kadin-girisimci-tasinabilir-ev-ihracatina-basladi\/3297854#\" target=\"_self\" class=\"vc_single_image-wrapper   vc_box_border_grey\"><img loading=\"lazy\" decoding=\"async\" width=\"400\" height=\"500\" src=\"https:\/\/www.homytinyhouse.com\/wp-content\/uploads\/2025\/02\/anadolu-ajansi.jpg\" class=\"vc_single_image-img attachment-full\" alt=\"\" title=\"anadolu ajans\u0131\" srcset=\"https:\/\/www.homytinyhouse.com\/wp-content\/uploads\/2025\/02\/anadolu-ajansi.jpg 400w, https:\/\/www.homytinyhouse.com\/wp-content\/uploads\/2025\/02\/anadolu-ajansi-240x300.jpg 240w, https:\/\/www.homytinyhouse.com\/wp-content\/uploads\/2025\/02\/anadolu-ajansi-288x360.jpg 288w, https:\/\/www.homytinyhouse.com\/wp-content\/uploads\/2025\/02\/anadolu-ajansi-360x450.jpg 360w\" sizes=\"auto, (max-width: 400px) 100vw, 400px\" \/><\/a>\n\t\t<\/figure>\n\t<\/div>\n<div class=\"vc_empty_space\"   style=\"height: 20px\"><span class=\"vc_empty_space_inner\"><\/span><\/div><div class=\"vc_btn3-container vc_btn3-center\" ><a class=\"vc_general vc_btn3 vc_btn3-size-md vc_btn3-shape-rounded vc_btn3-style-modern vc_btn3-color-peacoc\" href=\"https:\/\/www.aa.com.tr\/tr\/yasam\/kocaelide-fabrika-kuran-kadin-girisimci-tasinabilir-ev-ihracatina-basladi\/3297854#\" title=\"\">Click here<\/a><\/div><\/div><\/div><\/div><div class=\"wpb_column vc_column_container vc_col-sm-4\"><div class=\"vc_column-inner\"><div class=\"wpb_wrapper\">\n\t<div  class=\"wpb_single_image wpb_content_element vc_align_center\">\n\t\t<h2 class=\"wpb_heading wpb_singleimage_heading\">Demokrat Kocaeli<\/h2>\n\t\t<figure class=\"wpb_wrapper vc_figure\">\n\t\t\t<a href=\"https:\/\/demokratkocaeli.com\/haber\/20308554\/kocaelide-turizmi-canlandiracak-dev-organizasyon-tiny-house-ve-karavanlar-sizi-bekliyor\" target=\"_self\" class=\"vc_single_image-wrapper   vc_box_border_grey\"><img loading=\"lazy\" decoding=\"async\" width=\"400\" height=\"500\" src=\"https:\/\/www.homytinyhouse.com\/wp-content\/uploads\/2025\/02\/demokrat-kocaeli.jpg\" class=\"vc_single_image-img attachment-full\" alt=\"\" title=\"demokrat kocaeli\" srcset=\"https:\/\/www.homytinyhouse.com\/wp-content\/uploads\/2025\/02\/demokrat-kocaeli.jpg 400w, https:\/\/www.homytinyhouse.com\/wp-content\/uploads\/2025\/02\/demokrat-kocaeli-240x300.jpg 240w, https:\/\/www.homytinyhouse.com\/wp-content\/uploads\/2025\/02\/demokrat-kocaeli-288x360.jpg 288w, https:\/\/www.homytinyhouse.com\/wp-content\/uploads\/2025\/02\/demokrat-kocaeli-360x450.jpg 360w\" sizes=\"auto, (max-width: 400px) 100vw, 400px\" \/><\/a>\n\t\t<\/figure>\n\t<\/div>\n<div class=\"vc_empty_space\"   style=\"height: 20px\"><span class=\"vc_empty_space_inner\"><\/span><\/div><div class=\"vc_btn3-container vc_btn3-center\" ><a class=\"vc_general vc_btn3 vc_btn3-size-md vc_btn3-shape-rounded vc_btn3-style-modern vc_btn3-color-peacoc\" href=\"https:\/\/demokratkocaeli.com\/haber\/20308554\/kocaelide-turizmi-canlandiracak-dev-organizasyon-tiny-house-ve-karavanlar-sizi-bekliyor\" title=\"\">Click here<\/a><\/div><\/div><\/div><\/div><\/div><\/div><\/div><\/div><\/div>\n<\/section>","protected":false},"excerpt":{"rendered":"T\u0131klay\u0131n\u0131z \"Son y\u0131llarda herkesin hayali bir tiny house... \" D\u00fc\u015f\u00fck sahip olabilme maliyetleri, sevimli g\u00f6r\u00fcn\u00fcmleri, do\u011fayla bulu\u015fabilmemin en iyi yolu ve minimal ya\u015fam\u0131n ruh sa\u011fl\u0131\u011f\u0131na pozitif etkileri a\u00e7\u0131s\u0131ndan bakt\u0131\u011f\u0131m\u0131zda say\u0131labilecek her maddeye onun ad\u0131 yaz\u0131l\u0131yor. #tinyhouse Bu ay kapak konu\u011fumuz,...","protected":false},"author":1,"featured_media":0,"parent":0,"menu_order":0,"comment_status":"closed","ping_status":"closed","template":"","meta":{"footnotes":""},"class_list":["post-1761","page","type-page","status-publish","hentry"],"_links":{"self":[{"href":"https:\/\/www.homytinyhouse.com\/en\/wp-json\/wp\/v2\/pages\/1761","targetHints":{"allow":["GET"]}}],"collection":[{"href":"https:\/\/www.homytinyhouse.com\/en\/wp-json\/wp\/v2\/pages"}],"about":[{"href":"https:\/\/www.homytinyhouse.com\/en\/wp-json\/wp\/v2\/types\/page"}],"author":[{"embeddable":true,"href":"https:\/\/www.homytinyhouse.com\/en\/wp-json\/wp\/v2\/users\/1"}],"replies":[{"embeddable":true,"href":"https:\/\/www.homytinyhouse.com\/en\/wp-json\/wp\/v2\/comments?post=1761"}],"version-history":[{"count":10,"href":"https:\/\/www.homytinyhouse.com\/en\/wp-json\/wp\/v2\/pages\/1761\/revisions"}],"predecessor-version":[{"id":1776,"href":"https:\/\/www.homytinyhouse.com\/en\/wp-json\/wp\/v2\/pages\/1761\/revisions\/1776"}],"wp:attachment":[{"href":"https:\/\/www.homytinyhouse.com\/en\/wp-json\/wp\/v2\/media?parent=1761"}],"curies":[{"name":"wp","href":"https:\/\/api.w.org\/{rel}","templated":true}]}}