{"id":1044,"date":"2023-09-07T13:26:49","date_gmt":"2023-09-07T10:26:49","guid":{"rendered":"https:\/\/www.homytinyhouse.com\/?page_id=1044"},"modified":"2023-09-07T13:27:30","modified_gmt":"2023-09-07T10:27:30","slug":"tiny-house-avantajlari-nelerdir","status":"publish","type":"page","link":"https:\/\/www.homytinyhouse.com\/en\/tiny-house-avantajlari-nelerdir\/","title":{"rendered":"WHAT ARE THE ADVANTAGES OF TINY HOUSE?"},"content":{"rendered":"<section class=\"wpb-content-wrapper\"><div class=\"vc_row wpb_row vc_row-fluid\"><div class=\"wpb_column vc_column_container vc_col-sm-6\"><div class=\"vc_column-inner\"><div class=\"wpb_wrapper\"><div class=\"vc_empty_space\"   style=\"height: 25px\"><span class=\"vc_empty_space_inner\"><\/span><\/div>\n\t<div  class=\"wpb_single_image wpb_content_element vc_align_center\">\n\t\t\n\t\t<figure class=\"wpb_wrapper vc_figure\">\n\t\t\t<div class=\"vc_single_image-wrapper   vc_box_border_grey\"><img loading=\"lazy\" decoding=\"async\" width=\"400\" height=\"400\" src=\"https:\/\/www.homytinyhouse.com\/wp-content\/uploads\/2023\/09\/TINYHOUSE-AVANTAJLARI-NELERDIR.jpg\" class=\"vc_single_image-img attachment-full\" alt=\"\" title=\"What are the advantages of a tiny house?,\" srcset=\"https:\/\/www.homytinyhouse.com\/wp-content\/uploads\/2023\/09\/TINYHOUSE-AVANTAJLARI-NELERDIR.jpg 400w, https:\/\/www.homytinyhouse.com\/wp-content\/uploads\/2023\/09\/TINYHOUSE-AVANTAJLARI-NELERDIR-300x300.jpg 300w, https:\/\/www.homytinyhouse.com\/wp-content\/uploads\/2023\/09\/TINYHOUSE-AVANTAJLARI-NELERDIR-150x150.jpg 150w, https:\/\/www.homytinyhouse.com\/wp-content\/uploads\/2023\/09\/TINYHOUSE-AVANTAJLARI-NELERDIR-360x360.jpg 360w\" sizes=\"auto, (max-width: 400px) 100vw, 400px\" \/><\/div>\n\t\t<\/figure>\n\t<\/div>\n<\/div><\/div><\/div><div class=\"wpb_column vc_column_container vc_col-sm-6\"><div class=\"vc_column-inner\"><div class=\"wpb_wrapper\">\n\t<div class=\"wpb_text_column wpb_content_element\" >\n\t\t<div class=\"wpb_wrapper\">\n\t\t\t<p style=\"text-align: justify;\"><strong>Small Areas:<\/strong><\/p>\n<p style=\"text-align: justify;\">Tiny houses, which have a usage area of \u200b\u200b25-44 m2, require small areas for installation. Since this building has an O2 Certificate - license and plate, it can be positioned on the desired plot of land without being subject to any zoning legislation.<\/p>\n<p style=\"text-align: justify;\"><strong>Portability:<\/strong><\/p>\n<p style=\"text-align: justify;\">Tiny houses are built on a wheeled chassis. This allows the houses to be moved to the desired location. It provides flexibility to move and travel to different areas.<\/p>\n<p style=\"text-align: justify;\"><strong>Sustainability:<\/strong><\/p>\n<p style=\"text-align: justify;\">Tiny houses consume less energy and use less unnecessary items compared to traditional houses, thus contributing to sustainability and environmentally friendly goals.<\/p>\n<p style=\"text-align: justify;\"><strong>Economic and Deadline Advantages:<\/strong><\/p>\n<p style=\"text-align: justify;\">Compared to reinforced concrete structures, they can be built in much shorter periods of time with much lower budgets.<\/p>\n\n\t\t<\/div>\n\t<\/div>\n<\/div><\/div><\/div><\/div>\n<\/section>","protected":false},"excerpt":{"rendered":"K\u00fc\u00e7\u00fck Alanlar: 25-44 m2 aras\u0131nda kullan\u0131m alan\u0131na sahip olan tiny evler, kurulum i\u00e7in k\u00fc\u00e7\u00fck alanlara ihtiya\u00e7 duyarlar. Bu yap\u0131lan O2 Belgeli- ruhsatl\u0131 ve plakal\u0131 oldu\u011fundan dolay\u0131 hi\u00e7bir imar mevzuat\u0131na tabi kalmaks\u0131z\u0131n, istenilen arsaya konumland\u0131r\u0131labilir. Ta\u015f\u0131nabilirlik: Tiny evler tekerlekli \u015fase \u00fczerine...","protected":false},"author":1,"featured_media":0,"parent":0,"menu_order":0,"comment_status":"closed","ping_status":"closed","template":"","meta":{"footnotes":""},"class_list":["post-1044","page","type-page","status-publish","hentry"],"_links":{"self":[{"href":"https:\/\/www.homytinyhouse.com\/en\/wp-json\/wp\/v2\/pages\/1044","targetHints":{"allow":["GET"]}}],"collection":[{"href":"https:\/\/www.homytinyhouse.com\/en\/wp-json\/wp\/v2\/pages"}],"about":[{"href":"https:\/\/www.homytinyhouse.com\/en\/wp-json\/wp\/v2\/types\/page"}],"author":[{"embeddable":true,"href":"https:\/\/www.homytinyhouse.com\/en\/wp-json\/wp\/v2\/users\/1"}],"replies":[{"embeddable":true,"href":"https:\/\/www.homytinyhouse.com\/en\/wp-json\/wp\/v2\/comments?post=1044"}],"version-history":[{"count":2,"href":"https:\/\/www.homytinyhouse.com\/en\/wp-json\/wp\/v2\/pages\/1044\/revisions"}],"predecessor-version":[{"id":1047,"href":"https:\/\/www.homytinyhouse.com\/en\/wp-json\/wp\/v2\/pages\/1044\/revisions\/1047"}],"wp:attachment":[{"href":"https:\/\/www.homytinyhouse.com\/en\/wp-json\/wp\/v2\/media?parent=1044"}],"curies":[{"name":"wp","href":"https:\/\/api.w.org\/{rel}","templated":true}]}}