{"id":1034,"date":"2023-09-07T13:06:53","date_gmt":"2023-09-07T10:06:53","guid":{"rendered":"https:\/\/www.homytinyhouse.com\/?page_id=1034"},"modified":"2023-09-07T13:07:18","modified_gmt":"2023-09-07T10:07:18","slug":"tiny-house-alirken-dikkat-edilmesi-gereken-hususlar","status":"publish","type":"page","link":"https:\/\/www.homytinyhouse.com\/en\/tiny-house-alirken-dikkat-edilmesi-gereken-hususlar\/","title":{"rendered":"THINGS TO CONSIDER WHEN BUYING A TINY HOUSE"},"content":{"rendered":"<section class=\"wpb-content-wrapper\"><div class=\"vc_row wpb_row vc_row-fluid\"><div class=\"wpb_column vc_column_container vc_col-sm-6\"><div class=\"vc_column-inner\"><div class=\"wpb_wrapper\"><div class=\"vc_empty_space\"   style=\"height: 25px\"><span class=\"vc_empty_space_inner\"><\/span><\/div>\n\t<div  class=\"wpb_single_image wpb_content_element vc_align_center\">\n\t\t\n\t\t<figure class=\"wpb_wrapper vc_figure\">\n\t\t\t<div class=\"vc_single_image-wrapper   vc_box_border_grey\"><img loading=\"lazy\" decoding=\"async\" width=\"400\" height=\"400\" src=\"https:\/\/www.homytinyhouse.com\/wp-content\/uploads\/2023\/09\/Tiny-House-alirken-nelere-dikkat-etmelisiniz.jpg\" class=\"vc_single_image-img attachment-full\" alt=\"\" title=\"Tiny House al\u0131rken nelere dikkat etmelisiniz\" srcset=\"https:\/\/www.homytinyhouse.com\/wp-content\/uploads\/2023\/09\/Tiny-House-alirken-nelere-dikkat-etmelisiniz.jpg 400w, https:\/\/www.homytinyhouse.com\/wp-content\/uploads\/2023\/09\/Tiny-House-alirken-nelere-dikkat-etmelisiniz-300x300.jpg 300w, https:\/\/www.homytinyhouse.com\/wp-content\/uploads\/2023\/09\/Tiny-House-alirken-nelere-dikkat-etmelisiniz-150x150.jpg 150w, https:\/\/www.homytinyhouse.com\/wp-content\/uploads\/2023\/09\/Tiny-House-alirken-nelere-dikkat-etmelisiniz-360x360.jpg 360w\" sizes=\"auto, (max-width: 400px) 100vw, 400px\" \/><\/div>\n\t\t<\/figure>\n\t<\/div>\n<\/div><\/div><\/div><div class=\"wpb_column vc_column_container vc_col-sm-6\"><div class=\"vc_column-inner\"><div class=\"wpb_wrapper\">\n\t<div class=\"wpb_text_column wpb_content_element\" >\n\t\t<div class=\"wpb_wrapper\">\n\t\t\t<p style=\"text-align: justify;\"><strong>What should you consider when buying a tiny house?<\/strong><br \/>\n\ufffd\ufffd\ufffdTiny houses are subject to the Highway Regulations due to being on wheels. Therefore, please remember that they should not exceed the standard dimensions of 2.55 m wide and 4.00 m high.<br \/>\n\ufffd\ufffd\ufffdPay attention to the chassis of the tiny house being braked. This system, which directly affects the price, will ensure your safety while moving your tiny house to wherever you want.<br \/>\n\ufffd\ufffd\ufffdHeat and moisture insulation are important parameters for your comfort during use. Ask what materials and how many layers the heat and moisture insulation is made of.<br \/>\n\ufffd\ufffd\ufffdMake sure the electrical installation is safe.<br \/>\n\ufffd\ufffd\ufffdIf you want a long-lasting tiny house, make sure that the furnishings such as parquet, wall panels and cabinets are made of quality materials.<br \/>\n\ufffd\ufffd\ufffdLearn about the quality and usage conditions of the wood material, if used on the exterior.<br \/>\n\ufffd\ufffd\ufffdMake sure that the images shared are the company's own designs.<\/p>\n\n\t\t<\/div>\n\t<\/div>\n<\/div><\/div><\/div><\/div>\n<\/section>","protected":false},"excerpt":{"rendered":"Bir Tiny House al\u0131rken nelere dikkat etmelisiniz? \ufffd\ufffd\ufffdTiny evler tekerlekli olmas\u0131 sebebiyle Karayollar\u0131 Y\u00f6netmeli\u011fine tabiidir. Dolay\u0131s\u0131yla standart \u00f6l\u00e7\u00fcler olan 2,55 m geni\u015flik, 4,00 m y\u00fckseklik s\u0131n\u0131r\u0131n\u0131 a\u015fmamas\u0131 gerekti\u011fini unutmay\u0131n. \ufffd\ufffd\ufffdTiny evin \u015fasesinin frenli sistem olmas\u0131na \u00f6nem verin. Fiyat\u0131 do\u011frudan etkileyen...","protected":false},"author":1,"featured_media":0,"parent":0,"menu_order":0,"comment_status":"closed","ping_status":"closed","template":"","meta":{"footnotes":""},"class_list":["post-1034","page","type-page","status-publish","hentry"],"_links":{"self":[{"href":"https:\/\/www.homytinyhouse.com\/en\/wp-json\/wp\/v2\/pages\/1034","targetHints":{"allow":["GET"]}}],"collection":[{"href":"https:\/\/www.homytinyhouse.com\/en\/wp-json\/wp\/v2\/pages"}],"about":[{"href":"https:\/\/www.homytinyhouse.com\/en\/wp-json\/wp\/v2\/types\/page"}],"author":[{"embeddable":true,"href":"https:\/\/www.homytinyhouse.com\/en\/wp-json\/wp\/v2\/users\/1"}],"replies":[{"embeddable":true,"href":"https:\/\/www.homytinyhouse.com\/en\/wp-json\/wp\/v2\/comments?post=1034"}],"version-history":[{"count":2,"href":"https:\/\/www.homytinyhouse.com\/en\/wp-json\/wp\/v2\/pages\/1034\/revisions"}],"predecessor-version":[{"id":1037,"href":"https:\/\/www.homytinyhouse.com\/en\/wp-json\/wp\/v2\/pages\/1034\/revisions\/1037"}],"wp:attachment":[{"href":"https:\/\/www.homytinyhouse.com\/en\/wp-json\/wp\/v2\/media?parent=1034"}],"curies":[{"name":"wp","href":"https:\/\/api.w.org\/{rel}","templated":true}]}}